{"id":364,"date":"2018-08-14T18:32:58","date_gmt":"2018-08-14T16:32:58","guid":{"rendered":"http:\/\/themes.kadencethemes.com\/ascend-5\/?page_id=6"},"modified":"2020-05-01T15:56:22","modified_gmt":"2020-05-01T13:56:22","slug":"home","status":"publish","type":"page","link":"https:\/\/www.pasecna.cz\/","title":{"rendered":"Hlavn\u00ed str\u00e1nka"},"content":{"rendered":"<style>#kt-layout-id_d02fbc-9c > .kt-row-column-wrap{z-index:10;position:relative;align-content:center;}:where(#kt-layout-id_d02fbc-9c > .kt-row-column-wrap) > .wp-block-kadence-column{justify-content:center;}#kt-layout-id_d02fbc-9c > .kt-row-column-wrap{column-gap:var(--global-kb-gap-md, 2rem);row-gap:var(--global-kb-gap-md, 2rem);max-width:900px;margin-left:auto;margin-right:auto;padding-top:var( --global-kb-row-default-top, 25px );padding-bottom:var( --global-kb-row-default-bottom, 25px );padding-top:50px;padding-bottom:50px;grid-template-columns:minmax(0, 1fr);}#kt-layout-id_d02fbc-9c{background-color:#b2b2b2;background-image:url('https:\/\/www.pasecna.cz\/wp-content\/uploads\/2020\/04\/exterier_02.jpg');background-size:contain;background-position:center center;background-attachment:fixed;background-repeat:no-repeat;}#kt-layout-id_d02fbc-9c > .kt-row-layout-overlay{opacity:0.12;background-image:linear-gradient(204deg, #fff 41%, rgba(12, 42, 237, 0.74) 46%);mix-blend-mode:normal;}#kt-layout-id_d02fbc-9c .kt-row-layout-bottom-sep{height:92px;}#kt-layout-id_d02fbc-9c .kt-row-layout-bottom-sep svg{width:100%;}#kt-layout-id_d02fbc-9c .kt-row-layout-bottom-sep svg{fill:#ffffff!important;}#kt-layout-id_d02fbc-9c .kt-row-layout-top-sep{height:77px;}#kt-layout-id_d02fbc-9c .kt-row-layout-top-sep svg{width:100%;}#kt-layout-id_d02fbc-9c .kt-row-layout-top-sep svg{fill:#fff!important;}@media all and (max-width: 1024px), only screen and (min-device-width: 1024px) and (max-device-width: 1366px) and (-webkit-min-device-pixel-ratio: 2) and (hover: none){#kt-layout-id_d02fbc-9c{background-attachment:scroll;}}@media all and (max-width: 1024px){#kt-layout-id_d02fbc-9c > .kt-row-column-wrap{grid-template-columns:minmax(0, 1fr);}}@media all and (max-width: 1024px){#kt-layout-id_d02fbc-9c .kt-row-layout-bottom-sep{height:px;}}@media all and (max-width: 1024px){#kt-layout-id_d02fbc-9c .kt-row-layout-bottom-sep svg{width:%;}}@media all and (max-width: 767px){#kt-layout-id_d02fbc-9c > .kt-row-column-wrap{grid-template-columns:minmax(0, 1fr);}#kt-layout-id_d02fbc-9c .kt-row-layout-bottom-sep{height:px;}#kt-layout-id_d02fbc-9c .kt-row-layout-bottom-sep svg{width:%;}}<\/style>\n<div class=\"wp-block-kadence-rowlayout alignnone\"><div id=\"kt-layout-id_d02fbc-9c\" class=\"kt-row-layout-inner kt-row-has-bg kt-layout-id_d02fbc-9c kt-jarallax\"><div class=\"kt-row-layout-overlay kt-row-overlay-gradient\"><\/div><div class=\"kt-row-layout-top-sep kt-row-sep-type-wavesi\"><svg style=\"fill:#fff\" viewbox=\"0 0 1000 100\" preserveaspectratio=\"none\"><path d=\"M0,40c0,0 120.077,-38.076 250,-38c129.923,0.076 345.105,78 500,78c154.895,0 250,-30 250,-30l0,50l-1000,0l0,-60Z\"><\/path><path d=\"M0,40c0,0 120.077,-38.076 250,-38c129.923,0.076 345.105,73 500,73c154.895,0 250,-45 250,-45l0,70l-1000,0l0,-60Z\" style=\"opacity:0.4\"><\/path><path d=\"M0,40c0,0 120.077,-38.076 250,-38c129.923,0.076 345.105,68 500,68c154.895,0 250,-65 250,-65l0,95l-1000,0l0,-60Z\" style=\"opacity:0.4\"><\/path><\/svg><\/div><div class=\"kt-row-column-wrap kt-has-1-columns kt-gutter-default kt-v-gutter-default kt-row-valign-middle kt-row-layout-equal kt-tab-layout-inherit kt-m-colapse-left-to-right kt-mobile-layout-row\"><style>.kadence-column_361102-49 > .kt-inside-inner-col{padding-top:10px;padding-bottom:10px;padding-left:20px;padding-right:20px;}.kadence-column_361102-49 > .kt-inside-inner-col{border-top-width:0px;border-right-width:0px;border-bottom-width:0px;border-left-width:0px;}.kadence-column_361102-49 > .kt-inside-inner-col,.kadence-column_361102-49 > .kt-inside-inner-col:before{border-top-left-radius:9px;border-top-right-radius:9px;border-bottom-right-radius:9px;border-bottom-left-radius:9px;}.kadence-column_361102-49 > .kt-inside-inner-col{column-gap:var(--global-kb-gap-sm, 1rem);}.kadence-column_361102-49 > .kt-inside-inner-col{flex-direction:column;}.kadence-column_361102-49 > .kt-inside-inner-col > .aligncenter{width:100%;}.kadence-column_361102-49 > .kt-inside-inner-col{background-color:rgba(68, 68, 68, 0.83);}.kadence-column_361102-49 > .kt-inside-inner-col:before{opacity:0.3;}.kadence-column_361102-49, .kadence-column_361102-49 h1, .kadence-column_361102-49 h2, .kadence-column_361102-49 h3, .kadence-column_361102-49 h4, .kadence-column_361102-49 h5, .kadence-column_361102-49 h6{color:#fff;}.kadence-column_361102-49{position:relative;}@media all and (max-width: 1024px){.kadence-column_361102-49 > .kt-inside-inner-col{flex-direction:column;justify-content:center;}}@media all and (max-width: 767px){.kadence-column_361102-49 > .kt-inside-inner-col{flex-direction:column;justify-content:center;}}<\/style>\n<div class=\"wp-block-kadence-column inner-column-1 kadence-column_361102-49\"><div class=\"kt-inside-inner-col\" style=\"background:rgba(68, 68, 68, 0.83)\"><style>.wp-block-kadence-advancedheading.kt-adv-heading_6e7df5-b0, .wp-block-kadence-advancedheading.kt-adv-heading_6e7df5-b0[data-kb-block=\"kb-adv-heading_6e7df5-b0\"]{text-align:center;font-size:1.8em;line-height:1.3em;font-weight:400;font-style:normal;font-family:Montserrat;text-shadow:1px 1px 23px #fff;}.wp-block-kadence-advancedheading.kt-adv-heading_6e7df5-b0 mark.kt-highlight, .wp-block-kadence-advancedheading.kt-adv-heading_6e7df5-b0[data-kb-block=\"kb-adv-heading_6e7df5-b0\"] mark.kt-highlight{font-style:normal;color:#f76a0c;-webkit-box-decoration-break:clone;box-decoration-break:clone;padding-top:0px;padding-right:0px;padding-bottom:0px;padding-left:0px;}.wp-block-kadence-advancedheading.kt-adv-heading_6e7df5-b0 img.kb-inline-image, .wp-block-kadence-advancedheading.kt-adv-heading_6e7df5-b0[data-kb-block=\"kb-adv-heading_6e7df5-b0\"] img.kb-inline-image{width:150px;vertical-align:baseline;}@media all and (max-width: 1024px){.wp-block-kadence-advancedheading.kt-adv-heading_6e7df5-b0, .wp-block-kadence-advancedheading.kt-adv-heading_6e7df5-b0[data-kb-block=\"kb-adv-heading_6e7df5-b0\"]{text-shadow:1px 1px 23px #fff;}}@media all and (max-width: 767px){.wp-block-kadence-advancedheading.kt-adv-heading_6e7df5-b0, .wp-block-kadence-advancedheading.kt-adv-heading_6e7df5-b0[data-kb-block=\"kb-adv-heading_6e7df5-b0\"]{text-shadow:1px 1px 23px #fff;}}<\/style>\n<h2 id=\"kt-adv-heading_6e7df5-b0\" class=\"kt-adv-heading_6e7df5-b0 wp-block-kadence-advancedheading has-white-color\" style=\"text-align:center;text-shadow:1px 1px 23px #fff\">Ubytov\u00e1n\u00ed v \u0161umavsk\u00e9 vesni\u010dce <\/h2>\n\n\n\n<p><span style=\"color: #ffffff;\">Nab\u00edz\u00edme celoro\u010dn\u00ed ubytov\u00e1n\u00ed v obci Pase\u010dn\u00e1, nedaleko Lipensk\u00e9 p\u0159ehrady, Frymburku a P\u0159edn\u00ed V\u00fdton\u011b, 2,5 km od rakousk\u00fdch hranic<\/span><\/p>\n<ul>\n<li><span style=\"color: #ffffff;\">Celkem 7 l\u016f\u017eek, jeden dvojl\u016f\u017ekov\u00fd pokoj a druh\u00fd pokoj s p\u011bti l\u016f\u017eky, ve t\u0159et\u00edm pokoji st\u016fl na ping-pong.<\/span><\/li>\n<li><span style=\"color: #ffffff;\">Vybaven\u00e1 kuchy\u0148, ob\u00fdv\u00e1k s krbem, koupelna s WC a dal\u0161\u00ed samostatn\u00e9 WC<\/span><\/li>\n<li><span style=\"color: #ffffff;\">Venkovn\u00ed terasa + zahrada s ohni\u0161t\u011bm. WIFI nem\u00e1me.<\/span><\/li>\n<\/ul>\n\n\n\n<p><\/p>\n\n\n<style>.wp-block-kadence-advancedbtn.kb-btns_be1190-44{gap:var(--global-kb-gap-xs, 0.5rem );justify-content:center;align-items:center;}.kt-btns_be1190-44 .kt-button{font-family:'Montserrat Alternates';font-weight:400;font-style:normal;}.kt-btns_be1190-44 .kt-btn-wrap-0{margin-right:13px;}.wp-block-kadence-advancedbtn.kt-btns_be1190-44 .kt-btn-wrap-0 .kt-button{color:#ffffff;font-size:17px;background:#027591;border-color:#027591;border-style:solid;}.wp-block-kadence-advancedbtn.kt-btns_be1190-44 .kt-btn-wrap-0 .kt-button:hover, .wp-block-kadence-advancedbtn.kt-btns_be1190-44 .kt-btn-wrap-0 .kt-button:focus{color:#ffffff;border-color:#444444;}.wp-block-kadence-advancedbtn.kt-btns_be1190-44 .kt-btn-wrap-0 .kt-button::before{display:none;}.wp-block-kadence-advancedbtn.kt-btns_be1190-44 .kt-btn-wrap-0 .kt-button:hover, .wp-block-kadence-advancedbtn.kt-btns_be1190-44 .kt-btn-wrap-0 .kt-button:focus{background:#444444;}.kt-btns_be1190-44 .kt-btn-wrap-1{margin-right:0px;}.wp-block-kadence-advancedbtn.kt-btns_be1190-44 .kt-btn-wrap-1 .kt-button{color:#fff;font-size:17px;background:#027591;border-color:#027591;border-style:solid;}.wp-block-kadence-advancedbtn.kt-btns_be1190-44 .kt-btn-wrap-1 .kt-button:hover, .wp-block-kadence-advancedbtn.kt-btns_be1190-44 .kt-btn-wrap-1 .kt-button:focus{color:#ffffff;border-color:#444444;}.wp-block-kadence-advancedbtn.kt-btns_be1190-44 .kt-btn-wrap-1 .kt-button::before{display:none;}.wp-block-kadence-advancedbtn.kt-btns_be1190-44 .kt-btn-wrap-1 .kt-button:hover, .wp-block-kadence-advancedbtn.kt-btns_be1190-44 .kt-btn-wrap-1 .kt-button:focus{background:#444444;}<\/style>\n<div class=\"wp-block-kadence-advancedbtn kt-btn-align-center kt-btn-tablet-align-inherit kt-btn-mobile-align-inherit kt-btns-wrap kt-btns_be1190-44\"><div class=\"kt-btn-wrap kt-btn-wrap-0\"><a class=\"kt-button button kt-btn-0-action kt-btn-size-small kt-btn-style-basic kt-btn-svg-show-always kt-btn-has-text-true kt-btn-has-svg-true\" href=\"https:\/\/www.pasecna.cz\/index.php\/fotogalerie\/\" style=\"border-radius:3px;border-width:3px;letter-spacing:1px\"><div style=\"display:inline-flex;justify-content:center;align-items:center\" class=\"kt-btn-svg-icon kt-btn-svg-icon-fas_camera kt-btn-side-left\"><svg style=\"display:inline-block;vertical-align:middle\" viewbox=\"0 0 512 512\" height=\"17\" width=\"17\" fill=\"currentColor\" xmlns=\"http:\/\/www.w3.org\/2000\/svg\"><path d=\"M512 144v288c0 26.5-21.5 48-48 48H48c-26.5 0-48-21.5-48-48V144c0-26.5 21.5-48 48-48h88l12.3-32.9c7-18.7 24.9-31.1 44.9-31.1h125.5c20 0 37.9 12.4 44.9 31.1L376 96h88c26.5 0 48 21.5 48 48zM376 288c0-66.2-53.8-120-120-120s-120 53.8-120 120 53.8 120 120 120 120-53.8 120-120zm-32 0c0 48.5-39.5 88-88 88s-88-39.5-88-88 39.5-88 88-88 88 39.5 88 88z\"><\/path><\/svg><\/div><span class=\"kt-btn-inner-text\">  Fotogalerie<\/span><\/a><\/div><div class=\"kt-btn-wrap kt-btn-wrap-1\"><a class=\"kt-button button kt-btn-1-action kt-btn-size-small kt-btn-style-basic kt-btn-svg-show-always kt-btn-has-text-true kt-btn-has-svg-true\" href=\"https:\/\/www.pasecna.cz\/index.php\/kontakty\/\" style=\"border-radius:3px;border-width:3px;letter-spacing:1px\"><div style=\"display:inline-flex;justify-content:center;align-items:center\" class=\"kt-btn-svg-icon kt-btn-svg-icon-fas_envelope kt-btn-side-left\"><svg style=\"display:inline-block;vertical-align:middle\" viewbox=\"0 0 512 512\" height=\"17\" width=\"17\" fill=\"currentColor\" xmlns=\"http:\/\/www.w3.org\/2000\/svg\"><path d=\"M502.3 190.8c3.9-3.1 9.7-.2 9.7 4.7V400c0 26.5-21.5 48-48 48H48c-26.5 0-48-21.5-48-48V195.6c0-5 5.7-7.8 9.7-4.7 22.4 17.4 52.1 39.5 154.1 113.6 21.1 15.4 56.7 47.8 92.2 47.6 35.7.3 72-32.8 92.3-47.6 102-74.1 131.6-96.3 154-113.7zM256 320c23.2.4 56.6-29.2 73.4-41.4 132.7-96.3 142.8-104.7 173.4-128.7 5.8-4.5 9.2-11.5 9.2-18.9v-19c0-26.5-21.5-48-48-48H48C21.5 64 0 85.5 0 112v19c0 7.4 3.4 14.3 9.2 18.9 30.6 23.9 40.7 32.4 173.4 128.7 16.8 12.2 50.2 41.8 73.4 41.4z\"><\/path><\/svg><\/div><span class=\"kt-btn-inner-text\">  Kontakty<\/span><\/a><\/div><\/div>\n<\/div><\/div>\n<\/div><div class=\"kt-row-layout-bottom-sep kt-row-sep-type-wavesi\"><svg style=\"fill:#ffffff\" viewbox=\"0 0 1000 100\" preserveaspectratio=\"none\"><path d=\"M0,40c0,0 120.077,-38.076 250,-38c129.923,0.076 345.105,78 500,78c154.895,0 250,-30 250,-30l0,50l-1000,0l0,-60Z\"><\/path><path d=\"M0,40c0,0 120.077,-38.076 250,-38c129.923,0.076 345.105,73 500,73c154.895,0 250,-45 250,-45l0,70l-1000,0l0,-60Z\" style=\"opacity:0.4\"><\/path><path d=\"M0,40c0,0 120.077,-38.076 250,-38c129.923,0.076 345.105,68 500,68c154.895,0 250,-65 250,-65l0,95l-1000,0l0,-60Z\" style=\"opacity:0.4\"><\/path><\/svg><\/div><\/div><\/div>\n\n\n<style>#kt-layout-id_df7f0a-90 > .kt-row-column-wrap{z-index:10;position:relative;align-content:center;}:where(#kt-layout-id_df7f0a-90 > .kt-row-column-wrap) > .wp-block-kadence-column{justify-content:center;}#kt-layout-id_df7f0a-90 > .kt-row-column-wrap{column-gap:var(--global-kb-gap-md, 2rem);row-gap:var(--global-kb-gap-md, 2rem);max-width:900px;margin-left:auto;margin-right:auto;padding-top:var( --global-kb-row-default-top, 25px );padding-bottom:var( --global-kb-row-default-bottom, 25px );padding-top:50px;padding-bottom:50px;grid-template-columns:minmax(0, 1fr);}#kt-layout-id_df7f0a-90{background-image:url('https:\/\/www.pasecna.cz\/wp-content\/uploads\/2020\/04\/stezka_v_korunach02-1.jpg');background-size:contain;background-position:center center;background-attachment:fixed;background-repeat:no-repeat;}#kt-layout-id_df7f0a-90 > .kt-row-layout-overlay{opacity:0.15;background-image:linear-gradient(204deg, #fff 41%, rgba(197, 29, 29, 0.74) 46%);mix-blend-mode:normal;}#kt-layout-id_df7f0a-90 .kt-row-layout-bottom-sep{height:117px;}#kt-layout-id_df7f0a-90 .kt-row-layout-bottom-sep svg{width:100%;}#kt-layout-id_df7f0a-90 .kt-row-layout-bottom-sep svg{fill:#ffffff!important;}#kt-layout-id_df7f0a-90 .kt-row-layout-top-sep{height:106px;}#kt-layout-id_df7f0a-90 .kt-row-layout-top-sep svg{width:100%;}#kt-layout-id_df7f0a-90 .kt-row-layout-top-sep svg{fill:#ffffff!important;}@media all and (max-width: 1024px), only screen and (min-device-width: 1024px) and (max-device-width: 1366px) and (-webkit-min-device-pixel-ratio: 2) and (hover: none){#kt-layout-id_df7f0a-90{background-attachment:scroll;}}@media all and (max-width: 1024px){#kt-layout-id_df7f0a-90 > .kt-row-column-wrap{grid-template-columns:minmax(0, 1fr);}}@media all and (max-width: 1024px){#kt-layout-id_df7f0a-90 .kt-row-layout-bottom-sep{height:px;}}@media all and (max-width: 1024px){#kt-layout-id_df7f0a-90 .kt-row-layout-bottom-sep svg{width:%;}}@media all and (max-width: 767px){#kt-layout-id_df7f0a-90 > .kt-row-column-wrap{grid-template-columns:minmax(0, 1fr);}#kt-layout-id_df7f0a-90 .kt-row-layout-bottom-sep{height:px;}#kt-layout-id_df7f0a-90 .kt-row-layout-bottom-sep svg{width:%;}}<\/style>\n<div class=\"wp-block-kadence-rowlayout alignnone\"><div id=\"kt-layout-id_df7f0a-90\" class=\"kt-row-layout-inner kt-row-has-bg kt-layout-id_df7f0a-90 kt-jarallax\"><div class=\"kt-row-layout-overlay kt-row-overlay-gradient\"><\/div><div class=\"kt-row-layout-top-sep kt-row-sep-type-wavesi\"><svg style=\"fill:#ffffff\" viewbox=\"0 0 1000 100\" preserveaspectratio=\"none\"><path d=\"M0,40c0,0 120.077,-38.076 250,-38c129.923,0.076 345.105,78 500,78c154.895,0 250,-30 250,-30l0,50l-1000,0l0,-60Z\"><\/path><path d=\"M0,40c0,0 120.077,-38.076 250,-38c129.923,0.076 345.105,73 500,73c154.895,0 250,-45 250,-45l0,70l-1000,0l0,-60Z\" style=\"opacity:0.4\"><\/path><path d=\"M0,40c0,0 120.077,-38.076 250,-38c129.923,0.076 345.105,68 500,68c154.895,0 250,-65 250,-65l0,95l-1000,0l0,-60Z\" style=\"opacity:0.4\"><\/path><\/svg><\/div><div class=\"kt-row-column-wrap kt-has-1-columns kt-gutter-default kt-v-gutter-default kt-row-valign-middle kt-row-layout-equal kt-tab-layout-inherit kt-m-colapse-left-to-right kt-mobile-layout-row\"><style>.kadence-column_3a5ef0-8c > .kt-inside-inner-col{padding-top:10px;padding-bottom:10px;padding-left:20px;padding-right:20px;}.kadence-column_3a5ef0-8c > .kt-inside-inner-col{border-top-width:0px;border-right-width:0px;border-bottom-width:0px;border-left-width:0px;}.kadence-column_3a5ef0-8c > .kt-inside-inner-col,.kadence-column_3a5ef0-8c > .kt-inside-inner-col:before{border-top-left-radius:9px;border-top-right-radius:9px;border-bottom-right-radius:9px;border-bottom-left-radius:9px;}.kadence-column_3a5ef0-8c > .kt-inside-inner-col{column-gap:var(--global-kb-gap-sm, 1rem);}.kadence-column_3a5ef0-8c > .kt-inside-inner-col{flex-direction:column;}.kadence-column_3a5ef0-8c > .kt-inside-inner-col > .aligncenter{width:100%;}.kadence-column_3a5ef0-8c > .kt-inside-inner-col{background-color:rgba(238, 238, 238, 0.8);}.kadence-column_3a5ef0-8c > .kt-inside-inner-col:before{opacity:0.3;}.kadence-column_3a5ef0-8c{position:relative;}@media all and (max-width: 1024px){.kadence-column_3a5ef0-8c > .kt-inside-inner-col{flex-direction:column;justify-content:center;}}@media all and (max-width: 767px){.kadence-column_3a5ef0-8c > .kt-inside-inner-col{flex-direction:column;justify-content:center;}}<\/style>\n<div class=\"wp-block-kadence-column inner-column-1 kadence-column_3a5ef0-8c\"><div class=\"kt-inside-inner-col\" style=\"background:rgba(238, 238, 238, 0.8)\"><style>.wp-block-kadence-advancedheading.kt-adv-heading_0a8b3a-b2, .wp-block-kadence-advancedheading.kt-adv-heading_0a8b3a-b2[data-kb-block=\"kb-adv-heading_0a8b3a-b2\"]{text-align:center;font-size:1.7em;line-height:1.3em;font-weight:600;font-style:normal;font-family:Montserrat;}.wp-block-kadence-advancedheading.kt-adv-heading_0a8b3a-b2 mark.kt-highlight, .wp-block-kadence-advancedheading.kt-adv-heading_0a8b3a-b2[data-kb-block=\"kb-adv-heading_0a8b3a-b2\"] mark.kt-highlight{font-style:normal;color:#f76a0c;-webkit-box-decoration-break:clone;box-decoration-break:clone;padding-top:0px;padding-right:0px;padding-bottom:0px;padding-left:0px;}.wp-block-kadence-advancedheading.kt-adv-heading_0a8b3a-b2 img.kb-inline-image, .wp-block-kadence-advancedheading.kt-adv-heading_0a8b3a-b2[data-kb-block=\"kb-adv-heading_0a8b3a-b2\"] img.kb-inline-image{width:150px;vertical-align:baseline;}<\/style>\n<h1 id=\"kt-adv-heading_0a8b3a-b2\" class=\"kt-adv-heading_0a8b3a-b2 wp-block-kadence-advancedheading has-very-dark-gray-color\" style=\"text-align:center\">Nep\u0159ebern\u00e9 mo\u017enosti v okol\u00ed<\/h1>\n\n\n\n<p><span style=\"color: #000000;\">V okol\u00ed chaty najdete mnoho mo\u017enost\u00ed vy\u017eit\u00ed, od ly\u017eov\u00e1n\u00ed v zim\u011b, p\u0159es v\u00fdlety v l\u00e9t\u011b a\u017e po adrenalinov\u00e9 z\u00e1\u017eitky.<\/span><\/p>\n<ul>\n<li><span style=\"color: #000000;\">V\u00fdlet na Svat\u00fd Tom\u00e1\u0161&nbsp; a hrad V\u00edtk\u016fv k\u00e1men<\/span><\/li>\n<li><span style=\"color: #000000;\">Koup\u00e1n\u00ed na pl\u00e1\u017ei v P\u0159edn\u00ed V\u00fdtoni<\/span><\/li>\n<li><span style=\"color: #000000;\">Stezka v korun\u00e1ch strom\u016f Lipno<\/span><\/li>\n<li><span style=\"color: #000000;\">Ly\u017eov\u00e1n\u00ed ve Skiare\u00e1lu Lipno<\/span><\/li>\n<li><span style=\"color: #000000;\">Ly\u017eov\u00e1n\u00ed v nedalek\u00fdch rakousk\u00fdch st\u0159edisc\u00edch<\/span><\/li>\n<li><span style=\"color: #000000;\">Letn\u00ed bobov\u00e1 dr\u00e1ha Lipno<\/span><\/li>\n<\/ul>\n<p class=\"wp-block-preformatted\"><span style=\"color: #000000;\">A mnoho dal\u0161\u00edho. Zjist\u011bte v\u00edce na str\u00e1nce v\u011bnovan\u00e9 okol\u00ed na\u0161\u00ed chaty:<\/span><\/p>\n\n\n\n<p><\/p>\n\n\n<style>.wp-block-kadence-advancedbtn.kb-btns_98feaf-31{gap:var(--global-kb-gap-xs, 0.5rem );justify-content:center;align-items:center;}.kt-btns_98feaf-31 .kt-button{font-family:Montserrat;font-weight:400;font-style:normal;}.wp-block-kadence-advancedbtn.kt-btns_98feaf-31 .kt-btn-wrap-0 .kt-button{color:#ffffff;font-size:17px;background:#027591;border-color:#027591;border-style:solid;}.wp-block-kadence-advancedbtn.kt-btns_98feaf-31 .kt-btn-wrap-0 .kt-button:hover, .wp-block-kadence-advancedbtn.kt-btns_98feaf-31 .kt-btn-wrap-0 .kt-button:focus{color:#ffffff;border-color:#444444;}.wp-block-kadence-advancedbtn.kt-btns_98feaf-31 .kt-btn-wrap-0 .kt-button::before{display:none;}.wp-block-kadence-advancedbtn.kt-btns_98feaf-31 .kt-btn-wrap-0 .kt-button:hover, .wp-block-kadence-advancedbtn.kt-btns_98feaf-31 .kt-btn-wrap-0 .kt-button:focus{background:#444444;}.wp-block-kadence-advancedbtn.kt-btns_98feaf-31 .kt-btn-wrap-1 .kt-button{color:#ffffff;font-size:18px;border-color:#fbfcfd;border-style:solid;}.wp-block-kadence-advancedbtn.kt-btns_98feaf-31 .kt-btn-wrap-1 .kt-button:hover, .wp-block-kadence-advancedbtn.kt-btns_98feaf-31 .kt-btn-wrap-1 .kt-button:focus{color:#ffffff;border-color:#444444;}.wp-block-kadence-advancedbtn.kt-btns_98feaf-31 .kt-btn-wrap-1 .kt-button::before{display:none;}.wp-block-kadence-advancedbtn.kt-btns_98feaf-31 .kt-btn-wrap-1 .kt-button:hover, .wp-block-kadence-advancedbtn.kt-btns_98feaf-31 .kt-btn-wrap-1 .kt-button:focus{background:#444444;}<\/style>\n<div class=\"wp-block-kadence-advancedbtn kt-btn-align-center kt-btn-tablet-align-inherit kt-btn-mobile-align-inherit kt-btns-wrap kt-btns_98feaf-31\"><div class=\"kt-btn-wrap kt-btn-wrap-0\"><a class=\"kt-button button kt-btn-0-action kt-btn-size-small kt-btn-style-basic kt-btn-svg-show-always kt-btn-has-text-true kt-btn-has-svg-true\" href=\"https:\/\/www.pasecna.cz\/index.php\/okoli\/\" style=\"border-radius:3px;border-width:3px\"><div style=\"display:inline-flex;justify-content:center;align-items:center\" class=\"kt-btn-svg-icon kt-btn-svg-icon-ic_compass kt-btn-side-left\"><svg style=\"display:inline-block;vertical-align:middle\" viewbox=\"0 0 8 8\" height=\"17\" width=\"17\" fill=\"currentColor\" xmlns=\"http:\/\/www.w3.org\/2000\/svg\"><path d=\"M4 0c-2.2 0-4 1.8-4 4s1.8 4 4 4 4-1.8 4-4-1.8-4-4-4zm0 1c1.66 0 3 1.34 3 3s-1.34 3-3 3-3-1.34-3-3 1.34-3 3-3zm2 1l-3 1-1 3 3-1 1-3zm-2 1.5c.28 0 .5.22.5.5s-.22.5-.5.5-.5-.22-.5-.5.22-.5.5-.5z\"><\/path><\/svg><\/div><span class=\"kt-btn-inner-text\">  Okol\u00ed a v\u00fdlety<\/span><\/a><\/div><\/div>\n<\/div><\/div>\n<\/div><div class=\"kt-row-layout-bottom-sep kt-row-sep-type-wavesi\"><svg style=\"fill:#ffffff\" viewbox=\"0 0 1000 100\" preserveaspectratio=\"none\"><path d=\"M0,40c0,0 120.077,-38.076 250,-38c129.923,0.076 345.105,78 500,78c154.895,0 250,-30 250,-30l0,50l-1000,0l0,-60Z\"><\/path><path d=\"M0,40c0,0 120.077,-38.076 250,-38c129.923,0.076 345.105,73 500,73c154.895,0 250,-45 250,-45l0,70l-1000,0l0,-60Z\" style=\"opacity:0.4\"><\/path><path d=\"M0,40c0,0 120.077,-38.076 250,-38c129.923,0.076 345.105,68 500,68c154.895,0 250,-65 250,-65l0,95l-1000,0l0,-60Z\" style=\"opacity:0.4\"><\/path><\/svg><\/div><\/div><\/div>\n\n\n<style>.wp-block-kadence-spacer.kt-block-spacer-_27d19e-f9 .kt-block-spacer{height:86px;}.wp-block-kadence-spacer.kt-block-spacer-_27d19e-f9 .kt-divider{border-top-width:1px;height:1px;border-top-color:#eee;width:80%;border-top-style:solid;}<\/style>\n<div class=\"wp-block-kadence-spacer aligncenter kt-block-spacer-_27d19e-f9\"><div class=\"kt-block-spacer kt-block-spacer-halign-center\" style=\"height:86px\"><\/div><\/div>\n","protected":false},"excerpt":{"rendered":"<p>Ubytov\u00e1n\u00ed v \u0161umavsk\u00e9 vesni\u010dce Nab\u00edz\u00edme celoro\u010dn\u00ed ubytov\u00e1n\u00ed v obci Pase\u010dn\u00e1, nedaleko Lipensk\u00e9 p\u0159ehrady, Frymburku a P\u0159edn\u00ed V\u00fdton\u011b, 2,5 km od rakousk\u00fdch hranic Celkem 7 l\u016f\u017eek, jeden dvojl\u016f\u017ekov\u00fd pokoj a druh\u00fd pokoj s p\u011bti l\u016f\u017eky, ve t\u0159et\u00edm pokoji st\u016fl na ping-pong. &hellip; <a href=\"https:\/\/www.pasecna.cz\/\">Continued<\/a><\/p>\n","protected":false},"author":1,"featured_media":0,"parent":0,"menu_order":0,"comment_status":"closed","ping_status":"closed","template":"","meta":{"kt_blocks_editor_width":"","pgc_sgb_lightbox_settings":"","footnotes":""},"class_list":["post-364","page","type-page","status-publish","hentry"],"_links":{"self":[{"href":"https:\/\/www.pasecna.cz\/index.php\/wp-json\/wp\/v2\/pages\/364","targetHints":{"allow":["GET"]}}],"collection":[{"href":"https:\/\/www.pasecna.cz\/index.php\/wp-json\/wp\/v2\/pages"}],"about":[{"href":"https:\/\/www.pasecna.cz\/index.php\/wp-json\/wp\/v2\/types\/page"}],"author":[{"embeddable":true,"href":"https:\/\/www.pasecna.cz\/index.php\/wp-json\/wp\/v2\/users\/1"}],"replies":[{"embeddable":true,"href":"https:\/\/www.pasecna.cz\/index.php\/wp-json\/wp\/v2\/comments?post=364"}],"version-history":[{"count":83,"href":"https:\/\/www.pasecna.cz\/index.php\/wp-json\/wp\/v2\/pages\/364\/revisions"}],"predecessor-version":[{"id":808,"href":"https:\/\/www.pasecna.cz\/index.php\/wp-json\/wp\/v2\/pages\/364\/revisions\/808"}],"wp:attachment":[{"href":"https:\/\/www.pasecna.cz\/index.php\/wp-json\/wp\/v2\/media?parent=364"}],"curies":[{"name":"wp","href":"https:\/\/api.w.org\/{rel}","templated":true}]}}