{"id":114,"date":"2018-08-19T02:38:44","date_gmt":"2018-08-19T00:38:44","guid":{"rendered":"https:\/\/themes.kadencethemes.com\/ascend-5\/?page_id=114"},"modified":"2020-05-16T11:15:25","modified_gmt":"2020-05-16T09:15:25","slug":"kontakty","status":"publish","type":"page","link":"https:\/\/www.pasecna.cz\/index.php\/kontakty\/","title":{"rendered":"Kontakty"},"content":{"rendered":"<style>#kt-layout-id_450659-40{margin-top:0px;margin-bottom:36px;}#kt-layout-id_450659-40 > .kt-row-column-wrap{z-index:10;position:relative;align-content:start;}:where(#kt-layout-id_450659-40 > .kt-row-column-wrap) > .wp-block-kadence-column{justify-content:start;}#kt-layout-id_450659-40 > .kt-row-column-wrap{column-gap:var(--global-kb-gap-md, 2rem);row-gap:var(--global-kb-gap-md, 2rem);max-width:950px;margin-left:auto;margin-right:auto;padding-top:var( --global-kb-row-default-top, 25px );padding-bottom:var( --global-kb-row-default-bottom, 25px );padding-top:39px;padding-bottom:35px;padding-left:5px;padding-right:5px;grid-template-columns:repeat(2, minmax(0, 1fr));}#kt-layout-id_450659-40 > .kt-row-layout-overlay{opacity:0.18;background-color:#fff;}#kt-layout-id_450659-40 .kt-row-layout-bottom-sep{height:41px;}#kt-layout-id_450659-40 .kt-row-layout-bottom-sep svg{width:100%;}#kt-layout-id_450659-40 .kt-row-layout-bottom-sep svg{fill:#ffffff!important;}#kt-layout-id_450659-40 .kt-row-layout-top-sep{height:38px;}#kt-layout-id_450659-40 .kt-row-layout-top-sep svg{width:100%;}#kt-layout-id_450659-40 .kt-row-layout-top-sep svg{fill:#ffffff!important;}@media all and (max-width: 1024px){#kt-layout-id_450659-40 > .kt-row-column-wrap{grid-template-columns:repeat(2, minmax(0, 1fr));}}@media all and (max-width: 1024px){#kt-layout-id_450659-40 .kt-row-layout-bottom-sep{height:px;}}@media all and (max-width: 1024px){#kt-layout-id_450659-40 .kt-row-layout-bottom-sep svg{width:%;}}@media all and (max-width: 767px){#kt-layout-id_450659-40 > .kt-row-column-wrap{grid-template-columns:minmax(0, 1fr);}#kt-layout-id_450659-40 .kt-row-layout-bottom-sep{height:px;}#kt-layout-id_450659-40 .kt-row-layout-bottom-sep svg{width:%;}}<\/style>\n<div class=\"wp-block-kadence-rowlayout alignfull\"><div id=\"kt-layout-id_450659-40\" class=\"kt-row-layout-inner kt-row-has-bg kt-layout-id_450659-40\"><div class=\"kt-row-layout-overlay kt-row-overlay-normal\"><\/div><div class=\"kt-row-layout-top-sep kt-row-sep-type-mtns\"><svg style=\"fill:#ffffff\" viewbox=\"0 0 1000 100\" preserveaspectratio=\"none\"><path d=\"M1000,50l-182.69,-45.286l-292.031,61.197l-190.875,-41.075l-143.748,28.794l-190.656,-23.63l0,70l1000,0l0,-50Z\" style=\"opacity:0.4\"><\/path><path d=\"M1000,57l-152.781,-22.589l-214.383,19.81l-159.318,-21.471l-177.44,25.875l-192.722,5.627l-103.356,-27.275l0,63.023l1000,0l0,-43Z\"><\/path><\/svg><\/div><div class=\"kt-row-column-wrap kt-has-2-columns kt-gutter-default kt-v-gutter-default kt-row-valign-top kt-row-layout-equal kt-tab-layout-inherit kt-m-colapse-left-to-right kt-mobile-layout-row\"><style>.kadence-column_e9a8af-a7 > .kt-inside-inner-col{padding-top:0px;padding-left:0px;padding-right:0px;}.kadence-column_e9a8af-a7 > .kt-inside-inner-col{border-top-width:0px;border-right-width:0px;border-bottom-width:0px;border-left-width:0px;}.kadence-column_e9a8af-a7 > .kt-inside-inner-col,.kadence-column_e9a8af-a7 > .kt-inside-inner-col:before{border-top-left-radius:6px;border-top-right-radius:6px;border-bottom-right-radius:6px;border-bottom-left-radius:6px;}.kadence-column_e9a8af-a7 > .kt-inside-inner-col{column-gap:var(--global-kb-gap-sm, 1rem);}.kadence-column_e9a8af-a7 > .kt-inside-inner-col{flex-direction:column;}.kadence-column_e9a8af-a7 > .kt-inside-inner-col > .aligncenter{width:100%;}.kadence-column_e9a8af-a7 > .kt-inside-inner-col{background-color:rgba(218, 218, 218, 0.82);}.kadence-column_e9a8af-a7 > .kt-inside-inner-col:before{opacity:0.3;}.kadence-column_e9a8af-a7{position:relative;}.wp-block-kadence-column.kadence-column_e9a8af-a7 > .kt-inside-inner-col{margin-top:0px;margin-left:0px;}@media all and (max-width: 1024px){.kadence-column_e9a8af-a7 > .kt-inside-inner-col{flex-direction:column;justify-content:center;}}@media all and (max-width: 767px){.kadence-column_e9a8af-a7 > .kt-inside-inner-col{flex-direction:column;justify-content:center;}}<\/style>\n<div class=\"wp-block-kadence-column inner-column-1 kadence-column_e9a8af-a7\"><div class=\"kt-inside-inner-col\" style=\"background:rgba(218, 218, 218, 0.82)\"><style>.wp-block-kadence-advancedheading.kt-adv-heading_9d86c3-44, .wp-block-kadence-advancedheading.kt-adv-heading_9d86c3-44[data-kb-block=\"kb-adv-heading_9d86c3-44\"]{text-align:center;font-style:normal;text-shadow:3px 3px 10px rgba(211,211,211,0.6);}.wp-block-kadence-advancedheading.kt-adv-heading_9d86c3-44 mark.kt-highlight, .wp-block-kadence-advancedheading.kt-adv-heading_9d86c3-44[data-kb-block=\"kb-adv-heading_9d86c3-44\"] mark.kt-highlight{font-style:normal;color:#f76a0c;-webkit-box-decoration-break:clone;box-decoration-break:clone;padding-top:0px;padding-right:0px;padding-bottom:0px;padding-left:0px;}.wp-block-kadence-advancedheading.kt-adv-heading_9d86c3-44 img.kb-inline-image, .wp-block-kadence-advancedheading.kt-adv-heading_9d86c3-44[data-kb-block=\"kb-adv-heading_9d86c3-44\"] img.kb-inline-image{width:150px;vertical-align:baseline;}@media all and (max-width: 1024px){.wp-block-kadence-advancedheading.kt-adv-heading_9d86c3-44, .wp-block-kadence-advancedheading.kt-adv-heading_9d86c3-44[data-kb-block=\"kb-adv-heading_9d86c3-44\"]{text-shadow:3px 3px 10px rgba(211,211,211,0.6);}}@media all and (max-width: 767px){.wp-block-kadence-advancedheading.kt-adv-heading_9d86c3-44, .wp-block-kadence-advancedheading.kt-adv-heading_9d86c3-44[data-kb-block=\"kb-adv-heading_9d86c3-44\"]{text-shadow:3px 3px 10px rgba(211,211,211,0.6);}}<\/style>\n<h2 id=\"kt-adv-heading_9d86c3-44\" class=\"kt-adv-heading_9d86c3-44 wp-block-kadence-advancedheading has-very-dark-gray-color\" style=\"text-align:center;text-shadow:3px 3px 10px rgba(211,211,211,0.6)\">Kontakt na n\u00e1s:<\/h2>\n\n\n\n<div class=\"wp-block-group\"><div class=\"wp-block-group__inner-container is-layout-flow wp-block-group-is-layout-flow\">\n<p class=\"has-text-align-center\">Monika Ben\u00ed\u010dkov\u00e1 <br>tel. 603 431 166  <br>mbenickova@seznam.cz<\/p>\n\n\n\n<p class=\"has-text-align-center\">Kamil Ben\u00ed\u010dek <br>tel. 602 151 131 <br>kbenicek@seznam.cz<\/p>\n<\/div><\/div>\n<\/div><\/div>\n\n\n<style>.kadence-column_0704b4-9e > .kt-inside-inner-col{padding-top:0px;padding-bottom:0px;padding-left:10px;padding-right:10px;}.kadence-column_0704b4-9e > .kt-inside-inner-col{border-top-width:0px;border-right-width:0px;border-bottom-width:0px;border-left-width:0px;}.kadence-column_0704b4-9e > .kt-inside-inner-col,.kadence-column_0704b4-9e > .kt-inside-inner-col:before{border-top-left-radius:6px;border-top-right-radius:6px;border-bottom-right-radius:6px;border-bottom-left-radius:6px;}.kadence-column_0704b4-9e > .kt-inside-inner-col{column-gap:var(--global-kb-gap-sm, 1rem);}.kadence-column_0704b4-9e > .kt-inside-inner-col{flex-direction:column;}.kadence-column_0704b4-9e > .kt-inside-inner-col > .aligncenter{width:100%;}.kadence-column_0704b4-9e > .kt-inside-inner-col{background-color:rgba(218, 218, 218, 0.75);}.kadence-column_0704b4-9e > .kt-inside-inner-col:before{opacity:0.3;}.kadence-column_0704b4-9e{position:relative;}.wp-block-kadence-column.kadence-column_0704b4-9e > .kt-inside-inner-col{margin-top:0px;margin-right:0px;margin-left:0px;}@media all and (max-width: 1024px){.kadence-column_0704b4-9e > .kt-inside-inner-col{flex-direction:column;justify-content:center;}}@media all and (max-width: 767px){.kadence-column_0704b4-9e > .kt-inside-inner-col{flex-direction:column;justify-content:center;}}<\/style>\n<div class=\"wp-block-kadence-column inner-column-2 kadence-column_0704b4-9e\"><div class=\"kt-inside-inner-col\" style=\"background:rgba(218, 218, 218, 0.75)\"><style>.wp-block-kadence-advancedheading.kt-adv-heading_e13b17-3d, .wp-block-kadence-advancedheading.kt-adv-heading_e13b17-3d[data-kb-block=\"kb-adv-heading_e13b17-3d\"]{text-align:center;font-style:normal;text-shadow:3px 3px 10px rgba(255,255,255,0.5);}.wp-block-kadence-advancedheading.kt-adv-heading_e13b17-3d mark.kt-highlight, .wp-block-kadence-advancedheading.kt-adv-heading_e13b17-3d[data-kb-block=\"kb-adv-heading_e13b17-3d\"] mark.kt-highlight{font-style:normal;color:#f76a0c;-webkit-box-decoration-break:clone;box-decoration-break:clone;padding-top:0px;padding-right:0px;padding-bottom:0px;padding-left:0px;}.wp-block-kadence-advancedheading.kt-adv-heading_e13b17-3d img.kb-inline-image, .wp-block-kadence-advancedheading.kt-adv-heading_e13b17-3d[data-kb-block=\"kb-adv-heading_e13b17-3d\"] img.kb-inline-image{width:150px;vertical-align:baseline;}@media all and (max-width: 1024px){.wp-block-kadence-advancedheading.kt-adv-heading_e13b17-3d, .wp-block-kadence-advancedheading.kt-adv-heading_e13b17-3d[data-kb-block=\"kb-adv-heading_e13b17-3d\"]{text-shadow:3px 3px 10px rgba(255,255,255,0.5);}}@media all and (max-width: 767px){.wp-block-kadence-advancedheading.kt-adv-heading_e13b17-3d, .wp-block-kadence-advancedheading.kt-adv-heading_e13b17-3d[data-kb-block=\"kb-adv-heading_e13b17-3d\"]{text-shadow:3px 3px 10px rgba(255,255,255,0.5);}}<\/style>\n<h2 id=\"kt-adv-heading_e13b17-3d\" class=\"kt-adv-heading_e13b17-3d wp-block-kadence-advancedheading has-very-dark-gray-color\" style=\"text-align:center;text-shadow:3px 3px 10px rgba(255,255,255,0.5)\">Napi\u0161te n\u00e1m<\/h2>\n\n\n<style>.kadence-form-_b353ac-71 .kb-form .kadence-blocks-form-field{margin-bottom:10px;}.kadence-form-_b353ac-71 .kb-form .kadence-blocks-form-field{padding-right:9px;padding-left:9px;}.kadence-form-_b353ac-71 .kb-form{margin-right:-9px;margin-left:-9px;}.kadence-form-_b353ac-71 .kb-form .kadence-blocks-form-field .kb-text-style-field, .kadence-form-_b353ac-71 .kb-form .kadence-blocks-form-field .kb-select-style-field{border-radius:6px;font-size:15px;line-height:15px;border-width:1px 1px 1px 1px;}.kadence-form-_b353ac-71 .kb-form .kadence-blocks-form-field > label{color:#444;font-size:15px;line-height:24px;letter-spacing:1.4px;font-family:Tahoma, Geneva, sans-serif;font-style:normal;font-weight:400;}.kadence-form-_b353ac-71 .kb-form .kadence-blocks-form-field.kb-accept-form-field .kb-checkbox-style{font-size:24px;height:1em;}.kadence-form-_b353ac-71 .kb-form .kadence-blocks-form-field .kb-forms-submit{letter-spacing:1.9px;}.kadence-form-_b353ac-71 .kadence-blocks-form-warning{color:#fff;border-color:#d3d3d3;background:#dd3333;}.kadence-form-_b353ac-71 .kadence-blocks-form-message, .kadence-form-_b353ac-71 .kb-form-error-msg{border-radius:7px;border-width:2px 2px 2px 2px;font-size:18px;line-height:24px;}.kb-form input.kadence-blocks-field.verify{opacity:0.0;position:absolute;top:0.0;left:0.0;width:0.0;height:0.0;z-index:-1;}<\/style>\n<div class=\"wp-block-kadence-form kadence-form-_b353ac-71 kb-form-wrap\"><form class=\"kb-form\" action=\"\" method=\"post\"><div class=\"kadence-blocks-form-field kb-field-desk-width-100 kb-input-size-small\"><label for=\"kb_field__b353ac-71_0\">Jm\u00e9no a p\u0159\u00edjmen\u00ed<span class=\"required\">*<\/span><\/label><input name=\"kb_field_0\" id=\"kb_field__b353ac-71_0\" data-label=\"Jm\u00e9no a p\u0159\u00edjmen\u00ed\" type=\"text\" placeholder=\"\" value=\"\" data-type=\"text\" class=\"kb-field kb-text-style-field kb-text-field kb-field-0\" data-required=\"yes\"\/><\/div><div class=\"kadence-blocks-form-field kb-form-field-1 kb-field-desk-width-100 kb-input-size-small\"><label for=\"kb_field__b353ac-71_1\">E-mail<span class=\"required\">*<\/span><\/label><input name=\"kb_field_1\" id=\"kb_field__b353ac-71_1\" data-label=\"E-mail\" type=\"email\" placeholder=\"\" value=\"\" data-type=\"email\" class=\"kb-field kb-text-style-field kb-email-field kb-field-1\" autocomplete=\"email\" data-required=\"yes\"\/><\/div><div class=\"kadence-blocks-form-field kb-form-field-2 kb-field-desk-width-100 kb-input-size-small\"><label for=\"kb_field__b353ac-71_2\">Zpr\u00e1va<span class=\"required\">*<\/span><\/label><textarea name=\"kb_field_2\" id=\"kb_field__b353ac-71_2\" data-label=\"Zpr\u00e1va\" type=\"textarea\" placeholder=\"\" data-type=\"textarea\" class=\"kb-field kb-text-style-field kb-textarea-field kb-field-2\" rows=\"8\" data-required=\"yes\"><\/textarea><\/div><input type=\"hidden\" name=\"_kb_form_id\" value=\"_b353ac-71\"\/><input type=\"hidden\" name=\"_kb_form_post_id\" value=\"114\"\/><input type=\"hidden\" name=\"action\" value=\"kb_process_ajax_submit\"\/><div class=\"kadence-blocks-form-field google-recaptcha-checkout-wrap\"><p id=\"kb-container-g-recaptcha\" class=\"google-recaptcha-container\"><span id=\"kb_recaptcha__b353ac-71\" class=\"kadence-blocks-g-recaptcha-v2 g-recaptcha kb_recaptcha__b353ac-71\" style=\"display:inline-block\"><\/span><\/p><\/div><input class=\"kadence-blocks-field verify\" type=\"text\" name=\"_kb_verify_email\" autocomplete=\"off\" placeholder=\"Email\" tabindex=\"-1\"\/><div class=\"kadence-blocks-form-field kb-submit-field kb-field-desk-width-100\"><button class=\"kb-forms-submit button kb-button-size-small kb-button-width-auto\">Odeslat zpr\u00e1vu<\/button><\/div><\/form><\/div>\n<noscript><div class=\"kadence-blocks-form-message kadence-blocks-form-warning\">Please enable JavaScript in your browser to submit the form<\/div><style>.kadence-form-_b353ac-71 .kadence-blocks-form-field.kb-submit-field { display: none; }<\/style><\/noscript>\n\n\n<p><\/p>\n<\/div><\/div>\n<\/div><div class=\"kt-row-layout-bottom-sep kt-row-sep-type-mtns\"><svg style=\"fill:#ffffff\" viewbox=\"0 0 1000 100\" preserveaspectratio=\"none\"><path d=\"M1000,50l-182.69,-45.286l-292.031,61.197l-190.875,-41.075l-143.748,28.794l-190.656,-23.63l0,70l1000,0l0,-50Z\" style=\"opacity:0.4\"><\/path><path d=\"M1000,57l-152.781,-22.589l-214.383,19.81l-159.318,-21.471l-177.44,25.875l-192.722,5.627l-103.356,-27.275l0,63.023l1000,0l0,-43Z\"><\/path><\/svg><\/div><\/div><\/div>\n\n\n\n<div class=\"wp-block-webfactory-map\"><iframe loading=\"lazy\" class=\"wp-block-webfactory-map\" width=\"100%\" height=\"300px\" src=\"https:\/\/www.google.com\/maps\/embed\/v1\/place?q=Pase%C4%8Dn%C3%A1%20113&amp;maptype=roadmap&amp;zoom=10&amp;key=AIzaSyAjyDspiPfzEfjRSS5fQzm-3jHFjHxeXB4\" frameborder=\"0\"><\/iframe><\/div>\n","protected":false},"excerpt":{"rendered":"<p>Kontakt na n\u00e1s: Monika Ben\u00ed\u010dkov\u00e1 tel. 603 431 166 mbenickova@seznam.cz Kamil Ben\u00ed\u010dek tel. 602 151 131 kbenicek@seznam.cz Napi\u0161te n\u00e1m<\/p>\n","protected":false},"author":1,"featured_media":0,"parent":0,"menu_order":0,"comment_status":"closed","ping_status":"closed","template":"page-contact.php","meta":{"kt_blocks_editor_width":"","pgc_sgb_lightbox_settings":"","footnotes":""},"class_list":["post-114","page","type-page","status-publish","hentry"],"_links":{"self":[{"href":"https:\/\/www.pasecna.cz\/index.php\/wp-json\/wp\/v2\/pages\/114","targetHints":{"allow":["GET"]}}],"collection":[{"href":"https:\/\/www.pasecna.cz\/index.php\/wp-json\/wp\/v2\/pages"}],"about":[{"href":"https:\/\/www.pasecna.cz\/index.php\/wp-json\/wp\/v2\/types\/page"}],"author":[{"embeddable":true,"href":"https:\/\/www.pasecna.cz\/index.php\/wp-json\/wp\/v2\/users\/1"}],"replies":[{"embeddable":true,"href":"https:\/\/www.pasecna.cz\/index.php\/wp-json\/wp\/v2\/comments?post=114"}],"version-history":[{"count":113,"href":"https:\/\/www.pasecna.cz\/index.php\/wp-json\/wp\/v2\/pages\/114\/revisions"}],"predecessor-version":[{"id":840,"href":"https:\/\/www.pasecna.cz\/index.php\/wp-json\/wp\/v2\/pages\/114\/revisions\/840"}],"wp:attachment":[{"href":"https:\/\/www.pasecna.cz\/index.php\/wp-json\/wp\/v2\/media?parent=114"}],"curies":[{"name":"wp","href":"https:\/\/api.w.org\/{rel}","templated":true}]}}